{"id":8,"date":"2024-05-24T18:47:59","date_gmt":"2024-05-24T18:47:59","guid":{"rendered":"https:\/\/www.movimientocine.tv\/?page_id=8"},"modified":"2024-06-03T08:25:03","modified_gmt":"2024-06-03T08:25:03","slug":"movimientomottor","status":"publish","type":"page","link":"https:\/\/www.movimientocine.tv\/","title":{"rendered":"Movimiento Mottor"},"content":{"rendered":"\n<div style=\"height:76px\" aria-hidden=\"true\" class=\"wp-block-spacer mobile_space\"><\/div>\n\n\n\n<div style=\"height:60px\" aria-hidden=\"true\" class=\"wp-block-spacer\"><\/div>\n\n\n\n<div class=\"wp-block-columns alignwide are-vertically-aligned-center is-layout-flex wp-container-core-columns-is-layout-28f84493 wp-block-columns-is-layout-flex\" id=\"floater\">\n<div class=\"wp-block-column is-vertically-aligned-center is-layout-flow wp-block-column-is-layout-flow\" style=\"flex-basis:12%\"><\/div>\n\n\n\n<div class=\"wp-block-column is-vertically-aligned-center is-layout-flow wp-block-column-is-layout-flow\" style=\"flex-basis:78%\">\n<figure class=\"wp-block-image alignwide size-large blur\"><img decoding=\"async\" src=\"http:\/\/movimientocine.tv\/images\/logo.svg\" alt=\"\"\/><\/figure>\n<\/div>\n\n\n\n<div class=\"wp-block-column is-vertically-aligned-center is-layout-flow wp-block-column-is-layout-flow\" style=\"flex-basis:12%\"><\/div>\n<\/div>\n\n\n\n<div style=\"height:61px\" aria-hidden=\"true\" class=\"wp-block-spacer\"><\/div>\n\n\n\n<div style=\"height:40px\" aria-hidden=\"true\" class=\"wp-block-spacer mobile_space\"><\/div>\n\n\n\n<div class=\"wp-block-columns alignwide is-layout-flex wp-container-core-columns-is-layout-28f84493 wp-block-columns-is-layout-flex\">\n<div class=\"wp-block-column is-layout-flow wp-block-column-is-layout-flow\" style=\"flex-basis:5%\"><\/div>\n\n\n\n<div class=\"wp-block-column is-layout-flow wp-block-column-is-layout-flow\" style=\"flex-basis:90%\">\n<figure class=\"wp-block-image alignwide size-full\"><img loading=\"lazy\" decoding=\"async\" width=\"1762\" height=\"1782\" src=\"https:\/\/www.movimientocine.tv\/wp-content\/uploads\/2024\/05\/background.jpg\" alt=\"\" class=\"wp-image-420\" srcset=\"https:\/\/www.movimientocine.tv\/wp-content\/uploads\/2024\/05\/background.jpg 1762w, https:\/\/www.movimientocine.tv\/wp-content\/uploads\/2024\/05\/background-297x300.jpg 297w, https:\/\/www.movimientocine.tv\/wp-content\/uploads\/2024\/05\/background-1013x1024.jpg 1013w, https:\/\/www.movimientocine.tv\/wp-content\/uploads\/2024\/05\/background-768x777.jpg 768w, https:\/\/www.movimientocine.tv\/wp-content\/uploads\/2024\/05\/background-1519x1536.jpg 1519w\" sizes=\"auto, (max-width: 1762px) 100vw, 1762px\" \/><\/figure>\n<\/div>\n\n\n\n<div class=\"wp-block-column is-layout-flow wp-block-column-is-layout-flow\" style=\"flex-basis:5%\"><\/div>\n<\/div>\n\n\n\n<div style=\"height:25px\" aria-hidden=\"true\" class=\"wp-block-spacer\"><\/div>\n\n\n\n<div class=\"wp-block-columns alignwide is-layout-flex wp-container-core-columns-is-layout-7528fa30 wp-block-columns-is-layout-flex\" style=\"margin-top:0;margin-bottom:0;padding-top:0;padding-bottom:0\">\n<div class=\"wp-block-column is-layout-flow wp-block-column-is-layout-flow\" style=\"flex-basis:40%\">\n<h3 class=\"wp-block-heading has-text-color has-link-color wp-elements-2376fe10e9c7055fd9bd9aa57a199254\" style=\"color:#dadada;margin-top:0;margin-bottom:0;padding-top:0;padding-bottom:0;font-size:1.5rem\">ESTER EXP\u00d3SITO<\/h3>\n\n\n\n<h3 class=\"wp-block-heading has-text-color has-link-color wp-elements-9e33b9aa27828b1eda817a8347ec3693\" style=\"color:#dadada;margin-top:0;margin-bottom:0;padding-top:0;padding-bottom:0;font-size:1.5rem\">MALENA VILLA<\/h3>\n\n\n\n<h3 class=\"wp-block-heading has-text-color has-link-color wp-elements-83fef0a8544ba24c6f12b6b3ae0cbef7\" style=\"color:#dadada;margin-top:0;margin-bottom:0;padding-top:0;padding-bottom:0;font-size:1.5rem\">MATHILDE OLLIVIER<\/h3>\n<\/div>\n\n\n\n<div class=\"wp-block-column has-univers-lt-std-font-family is-layout-flow wp-container-core-column-is-layout-b108c007 wp-block-column-is-layout-flow\" style=\"padding-right:0;padding-left:0;flex-basis:70%\">\n<h1 class=\"wp-block-heading mobile has-text-color has-link-color has-univers-lt-std-font-family wp-elements-8b485a7ad3244c52a48ca895166972fb\" style=\"color:#dadada;margin-right:0;margin-left:0;padding-right:0;padding-left:0;font-size:5.3em;letter-spacing:-3px\">EL LLANTO<\/h1>\n<\/div>\n<\/div>\n\n\n\n<div class=\"wp-block-columns alignwide is-layout-flex wp-container-core-columns-is-layout-28f84493 wp-block-columns-is-layout-flex\">\n<div class=\"wp-block-column is-layout-flow wp-block-column-is-layout-flow\" style=\"flex-basis:40%\">\n<p class=\"has-text-color has-link-color wp-elements-065b28127b671d1e4cb2ed2dafa0cb3a\" style=\"color:#b4c2d0;font-style:normal;font-weight:100\">DIRECCI\u00d3N \/ DIRECTED BY<\/p>\n\n\n\n<p style=\"margin-top:0;margin-bottom:0;padding-top:0;padding-bottom:0\"><strong>Pedro Mart\u00edn-Calero<\/strong><\/p>\n\n\n\n<p class=\"has-text-color has-link-color wp-elements-dc63af09f171dee81561bb3dc22e90b3\" style=\"color:#b4c2d0;font-style:normal;font-weight:100\">GUION \/ WRITERS<\/p>\n\n\n\n<p style=\"margin-top:0;margin-bottom:0;padding-top:0;padding-bottom:0\"><strong>Pedro Mart\u00edn-Calero e Isabel Pe\u00f1a<\/strong><\/p>\n\n\n\n<p class=\"has-text-color has-link-color wp-elements-ddf951e2dbb4e6f796d91c6e3a6df911\" style=\"color:#b4c2d0;font-style:normal;font-weight:100\">PA\u00cdS Y A\u00d1O \/ COUNTRY &amp; YEAR<\/p>\n\n\n\n<p style=\"margin-top:0;margin-bottom:0;padding-top:0;padding-bottom:0\"><strong>Espa\u00f1a, Argentina, Francia 2024<\/strong><br><strong>Spain, Argentina. France, 2024<\/strong><\/p>\n\n\n\n<p class=\"has-text-color has-link-color wp-elements-265415d2b7b67e4bd82cb168087a8b5c\" style=\"color:#b4c2d0;font-style:normal;font-weight:100\">IDIOMA \/ LANGUAGE<\/p>\n\n\n\n<p class=\"has-background-color has-text-color has-link-color wp-elements-142c9c020c22489e9c3c92ffe8fc6688\" style=\"margin-top:0;margin-bottom:0;padding-top:0;padding-bottom:0\"><strong>Castellano \/ Spanish<\/strong><\/p>\n\n\n\n<p class=\"has-text-color has-link-color wp-elements-a31cbf53ef43733bd16b64074b9155c4\" style=\"color:#b4c2d0;font-style:normal;font-weight:100\">DURACI\u00d3N \/ LENGTH<\/p>\n\n\n\n<p style=\"margin-top:0;margin-bottom:0;padding-top:0;padding-bottom:0\">\u23f1<strong> 105 min.<\/strong><\/p>\n\n\n\n<p class=\"has-text-color has-link-color wp-elements-e96dcb7879363af6767236fc61989bb4\" style=\"color:#b4c2d0;font-style:normal;font-weight:100\">PRODUCIDA POR \/ PRODUCED BY<\/p>\n\n\n\n<p style=\"margin-top:0;margin-bottom:0;padding-top:0;padding-bottom:0\"><strong>Movimiento (Mottor), Caballo Films, Tandem<\/strong><\/p>\n\n\n\n<div style=\"height:100px\" aria-hidden=\"true\" class=\"wp-block-spacer\"><\/div>\n<\/div>\n\n\n\n<div class=\"wp-block-column is-layout-flow wp-container-core-column-is-layout-b2a27621 wp-block-column-is-layout-flow\" style=\"padding-top:0;padding-right:0;padding-bottom:0;padding-left:0;flex-basis:70%\">\n<p style=\"font-size:1.18em;font-style:normal;font-weight:100\">Algo acecha a Andrea, pero nadie, ni siquiera ella misma, puede verlo a simple vista. Hace veinte a\u00f1os, a diez mil kil\u00f3metros, la misma presencia aterrorizaba a Marie. Camila fue la \u00fanica persona que pudo entender lo que le ocurr\u00eda, pero nadie las crey\u00f3. Al enfrentarse a esa amenaza opresiva, las tres escuchan el mismo sonido sobrecogedor. Un llanto.<\/p>\n\n\n\n<div style=\"height:25px\" aria-hidden=\"true\" class=\"wp-block-spacer\"><\/div>\n\n\n\n<p style=\"font-size:1.18em;font-style:normal;font-weight:100\">Something is haunting Andrea, but no one can see it with the naked eye, not even herself. Twenty years ago, ten thousand kilometers away, the same presence terrorized Marie. Camila was the only person who could understand what was happening to her, but no one believed them. When they face this oppressive threat, all three hear the same thing: a wailing.<\/p>\n\n\n\n<div style=\"height:33px\" aria-hidden=\"true\" class=\"wp-block-spacer\"><\/div>\n\n\n\n<div style=\"height:21px\" aria-hidden=\"true\" class=\"wp-block-spacer\"><\/div>\n<\/div>\n<\/div>\n\n\n\n<figure class=\"wp-block-video alignwide\" style=\"margin-top:0;margin-right:0;margin-bottom:0;margin-left:0;padding-top:0;padding-right:0;padding-bottom:0;padding-left:0\"><video height=\"1080\" style=\"aspect-ratio: 1920 \/ 1080;\" width=\"1920\" controls poster=\"https:\/\/www.movimientocine.tv\/wp-content\/uploads\/2024\/05\/trailer.jpg\" preload=\"none\" src=\"https:\/\/www.movimientocine.tv\/wp-content\/uploads\/2024\/05\/ElLlanto_TSR_H264_HD_24FPS_20PM_240527.mp4\"><\/video><\/figure>\n\n\n\n<div style=\"height:90px\" aria-hidden=\"true\" id=\"mobile_space\" class=\"wp-block-spacer\"><\/div>\n\n\n\n<div class=\"wp-block-columns alignwide is-layout-flex wp-container-core-columns-is-layout-28f84493 wp-block-columns-is-layout-flex\">\n<div class=\"wp-block-column is-layout-flow wp-block-column-is-layout-flow\" style=\"flex-basis:100%\">\n<figure class=\"wp-block-image aligncenter size-large is-resized wp-duotone-unset-1\"><img decoding=\"async\" src=\"http:\/\/movimientocine.tv\/images\/logo.svg\" alt=\"\" style=\"width:419px;height:auto\"\/><\/figure>\n\n\n\n<div style=\"height:27px\" aria-hidden=\"true\" class=\"wp-block-spacer\"><\/div>\n\n\n\n<p style=\"font-size:1.8em;font-style:normal;font-weight:100;line-height:1.1\"><strong>MOVIMIENTO (MOTTOR)<\/strong> is a production company that strives to make cinema residing on the edge between the experimental and the commercial; between genre and idiosyncrasy. Cinema without structures, always in motion.<\/p>\n\n\n\n<div style=\"height:27px\" aria-hidden=\"true\" class=\"wp-block-spacer\"><\/div>\n\n\n\n<p class=\"has-text-color has-link-color wp-elements-5ae5adb26b9f6b3785bd48eeb34ee3ad\" style=\"color:#ced6d7;font-size:1.8em;font-style:normal;font-weight:100;line-height:1.1\"><strong>MOVIMIENTO (MOTTOR<\/strong>) es una productora que nace con la vocaci\u00f3n de hacer un cine en la frontera, entre lo autoral y lo comercial. Entre el g\u00e9nero y lo personal. Cine sin estructuras, siempre en movimiento.<\/p>\n\n\n\n<ul class=\"wp-block-social-links has-huge-icon-size has-icon-color is-style-logos-only is-content-justification-center is-layout-flex wp-container-core-social-links-is-layout-a89b3969 wp-block-social-links-is-layout-flex\"><li style=\"color:#abb8c3;\" class=\"wp-social-link wp-social-link-instagram has-cyan-bluish-gray-color wp-block-social-link\"><a href=\"https:\/\/MOVIMIENTOMOTTOR\" class=\"wp-block-social-link-anchor\"><svg width=\"24\" height=\"24\" viewBox=\"0 0 24 24\" version=\"1.1\" xmlns=\"http:\/\/www.w3.org\/2000\/svg\" aria-hidden=\"true\" focusable=\"false\"><path d=\"M12,4.622c2.403,0,2.688,0.009,3.637,0.052c0.877,0.04,1.354,0.187,1.671,0.31c0.42,0.163,0.72,0.358,1.035,0.673 c0.315,0.315,0.51,0.615,0.673,1.035c0.123,0.317,0.27,0.794,0.31,1.671c0.043,0.949,0.052,1.234,0.052,3.637 s-0.009,2.688-0.052,3.637c-0.04,0.877-0.187,1.354-0.31,1.671c-0.163,0.42-0.358,0.72-0.673,1.035 c-0.315,0.315-0.615,0.51-1.035,0.673c-0.317,0.123-0.794,0.27-1.671,0.31c-0.949,0.043-1.233,0.052-3.637,0.052 s-2.688-0.009-3.637-0.052c-0.877-0.04-1.354-0.187-1.671-0.31c-0.42-0.163-0.72-0.358-1.035-0.673 c-0.315-0.315-0.51-0.615-0.673-1.035c-0.123-0.317-0.27-0.794-0.31-1.671C4.631,14.688,4.622,14.403,4.622,12 s0.009-2.688,0.052-3.637c0.04-0.877,0.187-1.354,0.31-1.671c0.163-0.42,0.358-0.72,0.673-1.035 c0.315-0.315,0.615-0.51,1.035-0.673c0.317-0.123,0.794-0.27,1.671-0.31C9.312,4.631,9.597,4.622,12,4.622 M12,3 C9.556,3,9.249,3.01,8.289,3.054C7.331,3.098,6.677,3.25,6.105,3.472C5.513,3.702,5.011,4.01,4.511,4.511 c-0.5,0.5-0.808,1.002-1.038,1.594C3.25,6.677,3.098,7.331,3.054,8.289C3.01,9.249,3,9.556,3,12c0,2.444,0.01,2.751,0.054,3.711 c0.044,0.958,0.196,1.612,0.418,2.185c0.23,0.592,0.538,1.094,1.038,1.594c0.5,0.5,1.002,0.808,1.594,1.038 c0.572,0.222,1.227,0.375,2.185,0.418C9.249,20.99,9.556,21,12,21s2.751-0.01,3.711-0.054c0.958-0.044,1.612-0.196,2.185-0.418 c0.592-0.23,1.094-0.538,1.594-1.038c0.5-0.5,0.808-1.002,1.038-1.594c0.222-0.572,0.375-1.227,0.418-2.185 C20.99,14.751,21,14.444,21,12s-0.01-2.751-0.054-3.711c-0.044-0.958-0.196-1.612-0.418-2.185c-0.23-0.592-0.538-1.094-1.038-1.594 c-0.5-0.5-1.002-0.808-1.594-1.038c-0.572-0.222-1.227-0.375-2.185-0.418C14.751,3.01,14.444,3,12,3L12,3z M12,7.378 c-2.552,0-4.622,2.069-4.622,4.622S9.448,16.622,12,16.622s4.622-2.069,4.622-4.622S14.552,7.378,12,7.378z M12,15 c-1.657,0-3-1.343-3-3s1.343-3,3-3s3,1.343,3,3S13.657,15,12,15z M16.804,6.116c-0.596,0-1.08,0.484-1.08,1.08 s0.484,1.08,1.08,1.08c0.596,0,1.08-0.484,1.08-1.08S17.401,6.116,16.804,6.116z\"><\/path><\/svg><span class=\"wp-block-social-link-label screen-reader-text\">Instagram<\/span><\/a><\/li>\n\n<li style=\"color:#abb8c3;\" class=\"wp-social-link wp-social-link-mail has-cyan-bluish-gray-color wp-block-social-link\"><a href=\"mailto:&#073;&#078;&#070;&#079;&#064;&#077;&#079;V&#073;&#077;I&#069;&#078;&#084;&#079;&#067;I&#078;E.&#084;V\" class=\"wp-block-social-link-anchor\"><svg width=\"24\" height=\"24\" viewBox=\"0 0 24 24\" version=\"1.1\" xmlns=\"http:\/\/www.w3.org\/2000\/svg\" aria-hidden=\"true\" focusable=\"false\"><path d=\"M19,5H5c-1.1,0-2,.9-2,2v10c0,1.1.9,2,2,2h14c1.1,0,2-.9,2-2V7c0-1.1-.9-2-2-2zm.5,12c0,.3-.2.5-.5.5H5c-.3,0-.5-.2-.5-.5V9.8l7.5,5.6,7.5-5.6V17zm0-9.1L12,13.6,4.5,7.9V7c0-.3.2-.5.5-.5h14c.3,0,.5.2.5.5v.9z\"><\/path><\/svg><span class=\"wp-block-social-link-label screen-reader-text\">Mail<\/span><\/a><\/li><\/ul>\n<\/div>\n<\/div>\n\n\n\n<div style=\"height:50px\" aria-hidden=\"true\" class=\"wp-block-spacer\"><\/div>\n\n\n\n<div style=\"height:84px\" aria-hidden=\"true\" class=\"wp-block-spacer\"><\/div>\n","protected":false},"excerpt":{"rendered":"<p>ESTER EXP\u00d3SITO MALENA VILLA MATHILDE OLLIVIER EL LLANTO DIRECCI\u00d3N \/ DIRECTED BY Pedro Mart\u00edn-Calero GUION \/ WRITERS Pedro Mart\u00edn-Calero e Isabel Pe\u00f1a PA\u00cdS Y A\u00d1O \/ COUNTRY &amp; YEAR Espa\u00f1a, Argentina, Francia 2024Spain, Argentina. France, 2024 IDIOMA \/ LANGUAGE Castellano \/ Spanish DURACI\u00d3N \/ LENGTH \u23f1 105 min. PRODUCIDA POR \/ PRODUCED BY Movimiento (Mottor), [&hellip;]<\/p>\n","protected":false},"author":1,"featured_media":0,"parent":0,"menu_order":0,"comment_status":"closed","ping_status":"closed","template":"","meta":{"footnotes":""},"class_list":["post-8","page","type-page","status-publish","hentry"],"_links":{"self":[{"href":"https:\/\/www.movimientocine.tv\/index.php?rest_route=\/wp\/v2\/pages\/8","targetHints":{"allow":["GET"]}}],"collection":[{"href":"https:\/\/www.movimientocine.tv\/index.php?rest_route=\/wp\/v2\/pages"}],"about":[{"href":"https:\/\/www.movimientocine.tv\/index.php?rest_route=\/wp\/v2\/types\/page"}],"author":[{"embeddable":true,"href":"https:\/\/www.movimientocine.tv\/index.php?rest_route=\/wp\/v2\/users\/1"}],"replies":[{"embeddable":true,"href":"https:\/\/www.movimientocine.tv\/index.php?rest_route=%2Fwp%2Fv2%2Fcomments&post=8"}],"version-history":[{"count":10,"href":"https:\/\/www.movimientocine.tv\/index.php?rest_route=\/wp\/v2\/pages\/8\/revisions"}],"predecessor-version":[{"id":443,"href":"https:\/\/www.movimientocine.tv\/index.php?rest_route=\/wp\/v2\/pages\/8\/revisions\/443"}],"wp:attachment":[{"href":"https:\/\/www.movimientocine.tv\/index.php?rest_route=%2Fwp%2Fv2%2Fmedia&parent=8"}],"curies":[{"name":"wp","href":"https:\/\/api.w.org\/{rel}","templated":true}]}}